{"id":100,"date":"2019-03-16T20:15:55","date_gmt":"2019-03-16T19:15:55","guid":{"rendered":"https:\/\/mb-wasseraufbereitung.de\/?page_id=100"},"modified":"2025-10-31T21:49:24","modified_gmt":"2025-10-31T20:49:24","slug":"homepage","status":"publish","type":"page","link":"https:\/\/mb-wasseraufbereitung.de\/de\/","title":{"rendered":"Homepage"},"content":{"rendered":"<div class=\"wpb-content-wrapper\"><div data-vc-full-width=\"true\" data-vc-full-width-init=\"false\" data-vc-stretch-content=\"true\" class=\"vc_row wpb_row vc_row-fluid vc_row- vc_row-no-padding\"><div class=\"wpb_column vc_column_container vc_col-sm-12 vc_row-\"><div class=\"vc_column-inner\"><div class=\"wpb_wrapper\">    <section class=\"banner-area banner-area-5c8fc6a896025 top-offset current-white\">\r\n            <div class=\"banner-item white\" style=\"\">\r\n        \n    <div class=\"bg-overlay\">\n              <div class=\"image\" data-bg-parallax=\"{&quot;imgSrc&quot;:&quot;https:\\\/\\\/mb-wasseraufbereitung.de\\\/wp-content\\\/uploads\\\/2019\\\/03\\\/img10.jpg&quot;}\"><\/div>\n          <\/div>\n\n            <div class=\"container\">\r\n          <div class=\"row align-items-center full-height\" style=\"\">\r\n            <div class=\"col\">\r\n                              <div class=\"sub-h\">Wasseraufbereitung mit den besten!<\/div>\r\n                              <h1 class=\"h\">Ihr Partner f\u00fcr<br \/>\n<span>optimale<\/span> Betreuung<br \/>\nin der <span>Wasseraufbereitung<\/span><\/h1>\r\n                                            <a class=\"button-style1\" href=\"https:\/\/mb-wasseraufbereitung.de\/contacts\/\" target=\"_self\"><span>kontakt zu uns<\/span><\/a>\r\n                          <\/div>\r\n          <\/div>\r\n        <\/div>\r\n      <\/div>\r\n    <\/section>\r\n    <\/div><\/div><\/div><\/div><div class=\"vc_row-full-width vc_clearfix\"><\/div><div class=\"vc_row wpb_row vc_row-fluid vc_row-\"><div class=\"wpb_column vc_column_container vc_col-sm-12 vc_row-\"><div class=\"vc_column-inner\"><div class=\"wpb_wrapper\">    <div class=\"icon-box-items row icon-box-items-5c8fd2b919ac0 vc_custom_1553099201355\">\r\n          <div class=\" col-md-6 col-lg-3\">\r\n      <div class=\"icon-box icon-box-5c8fd2bc5df53 with-icon\">\r\n        <div class=\"wrap\">\r\n                      <div class=\"title\">\r\n                              <i class=\"admin-ui-airplane-filled-shape\"><\/i>\r\n                              <h6 class=\"h\">\r\n                  <div class=\"cell\">Wasser-<br \/>\nbehandlung<\/div>\r\n                <\/h6>\r\n                          <\/div>\r\n                      <div class=\"desc\">Ma\u00dfgeschneiderte L\u00f6sungen und Konzepte f\u00fcr die Wasserbehandlung<\/div>\r\n                      <a href=\"#\" target=\"_self\"><\/a>\r\n                  <\/div>\r\n      <\/div>\r\n    <\/div>\r\n        <div class=\" col-md-6 col-lg-3\">\r\n      <div class=\"icon-box icon-box-5c8fdc6c3689c with-icon\">\r\n        <div class=\"wrap\">\r\n                      <div class=\"title\">\r\n                              <i class=\"admin-ui-leaf-filled-shape\"><\/i>\r\n                              <h6 class=\"h\">\r\n                  <div class=\"cell\">Anlagetechnik<\/div>\r\n                <\/h6>\r\n                          <\/div>\r\n                      <div class=\"desc\">Bew\u00e4hrte Anlagentechnik und Service aus dem Hause CILLIT CEE Watertechnology<\/div>\r\n                      <a href=\"#\" target=\"_self\"><\/a>\r\n                  <\/div>\r\n      <\/div>\r\n    <\/div>\r\n        <div class=\" col-md-6 col-lg-3\">\r\n      <div class=\"icon-box icon-box-5c8fdc8c6813d with-icon\">\r\n        <div class=\"wrap\">\r\n                      <div class=\"title\">\r\n                              <i class=\"admin-ui-graduate-hat\"><\/i>\r\n                              <h6 class=\"h\">\r\n                  <div class=\"cell\">Kunden-<br \/>\nbetreuung<\/div>\r\n                <\/h6>\r\n                          <\/div>\r\n                      <div class=\"desc\">Wir sind schnell, gr\u00fcndlich und pr\u00e4zise in der Ausarbeitung von Behandlungskonzepten, Gef\u00e4hrdungsbeurteilungen und Optimierungs-<br \/>\nvorschl\u00e4gen<\/div>\r\n                      <a href=\"#\" target=\"_self\"><\/a>\r\n                  <\/div>\r\n      <\/div>\r\n    <\/div>\r\n        <div class=\" col-md-6 col-lg-3\">\r\n      <div class=\"icon-box icon-box-5c8fdcb5e5ad8 with-icon\">\r\n        <div class=\"wrap\">\r\n                      <div class=\"title\">\r\n                              <i class=\"admin-ui-stats-circular-filled-graphic\"><\/i>\r\n                              <h6 class=\"h\">\r\n                  <div class=\"cell\">Faire Preise und Konditionen<\/div>\r\n                <\/h6>\r\n                          <\/div>\r\n                      <div class=\"desc\">f\u00fcr alle Produkte und Dienstleistungen<\/div>\r\n                      <a href=\"#\" target=\"_self\"><\/a>\r\n                  <\/div>\r\n      <\/div>\r\n    <\/div>\r\n        <\/div>\r\n    <\/div><\/div><\/div><\/div><div class=\"vc_row wpb_row vc_row-fluid vc_row-\"><div class=\"wpb_column vc_column_container vc_col-sm-12 vc_row-5cb35fcd6f27b\"><div class=\"vc_column-inner vc_custom_1555259530160\"><div class=\"wpb_wrapper\">    <div class=\"heading-block heading-5c926602e352d tac h-h5\">\r\n                        <h5 class=\"h\">Wir bieten unseren anspruchsvollen Kunden aus Industrie und Facility-Management unsere langj\u00e4hrige Erfahrung und professionelle Dienstleistungen im Bereich <span>Wasseraufbereitung<\/span>, bew\u00e4hrte <span>Behandlungs-Chemikalien<\/span> und <span>Komplett-Betreuung f\u00fcr Verdunstungsk\u00fchlanlagen<\/span><\/h5>\r\n                  <\/div>\r\n    <div class=\"vc_empty_space\"   style=\"height: 64px\"><span class=\"vc_empty_space_inner\"><\/span><\/div><\/div><\/div><\/div><\/div><div class=\"vc_row wpb_row vc_row-fluid vc_custom_1553187977457 vc_row- vc_row-o-equal-height vc_row-o-content-middle vc_row-flex\"><div class=\"wpb_column vc_column_container vc_col-sm-4 vc_col-md-3 vc_row-\"><div class=\"vc_column-inner\"><div class=\"wpb_wrapper\">    <div class=\"icon-box2-items row icon-box2-items-5c926f177fbd2\">\r\n          <div class=\" col-12\">\r\n      <div class=\"icon-box2 icon-box2-5c926ccf668a0 with-icon\">\r\n                <i class=\"material-design-tick-inside-circle\"><\/i>\r\n                <div class=\"desc\"><\/p>\n<h6>Behandlungskonzepte und Chemikalien<\/h6>\n<p><\/div>\r\n              <\/div>\r\n    <\/div>\r\n        <div class=\" col-12\">\r\n      <div class=\"icon-box2 icon-box2-5c926d02ce3ec with-icon\">\r\n                <i class=\"material-design-tick-inside-circle\"><\/i>\r\n                <div class=\"desc\"><\/p>\n<h6>Reinigungen und<br \/>\nRevisionen\/Sanierungen<br \/>\nvon<br \/>\nVerdunstungsk\u00fchlanlagen<\/h6>\n<p><\/div>\r\n              <\/div>\r\n    <\/div>\r\n        <div class=\" col-12\">\r\n      <div class=\"icon-box2 icon-box2-5c926d4b3715a with-icon\">\r\n                <i class=\"material-design-tick-inside-circle\"><\/i>\r\n                <div class=\"desc\"><\/p>\n<h6>Wartungen von Dosier- und Anlagentechnik<\/h6>\n<p><\/div>\r\n              <\/div>\r\n    <\/div>\r\n        <\/div>\r\n    <\/div><\/div><\/div><div class=\"wpb_column vc_column_container vc_col-sm-4 vc_col-md-6 vc_row-5ca9c272f67b1\"><div class=\"vc_column-inner vc_custom_1554629238203\"><div class=\"wpb_wrapper\">\n\t<div  class=\"wpb_single_image wpb_content_element vc_align_center wpb_content_element\">\n\t\t\n\t\t<figure class=\"wpb_wrapper vc_figure\">\n\t\t\t<div class=\"vc_single_image-wrapper   vc_box_border_grey\"><img decoding=\"async\" class=\"vc_single_image-img \" src=\"https:\/\/mb-wasseraufbereitung.de\/wp-content\/uploads\/2019\/09\/mbw-bg-video1-450x450.png\" width=\"450\" height=\"450\" alt=\"mbw-bg-video1\" title=\"mbw-bg-video1\" loading=\"lazy\" \/><\/div>\n\t\t<\/figure>\n\t<\/div>\n<\/div><\/div><\/div><div class=\"wpb_column vc_column_container vc_col-sm-4 vc_col-md-3 vc_row-\"><div class=\"vc_column-inner\"><div class=\"wpb_wrapper\">    <div class=\"icon-box2-items row icon-box2-items-5ca9c147a033d\">\r\n          <div class=\" col-12\">\r\n      <div class=\"icon-box2 icon-box2-5c926d333287c with-icon\">\r\n                <i class=\"material-design-tick-inside-circle\"><\/i>\r\n                <div class=\"desc\"><\/p>\n<h6>Risikoabsch\u00e4tzungen\/ Gef\u00e4hrdungsbeurteilungen<\/h6>\n<p><\/div>\r\n              <\/div>\r\n    <\/div>\r\n        <div class=\" col-12\">\r\n      <div class=\"icon-box2 icon-box2-5c926d0ca65fd with-icon\">\r\n                <i class=\"material-design-tick-inside-circle\"><\/i>\r\n                <div class=\"desc\"><\/p>\n<h6>Komplett-Betreuung zur 42. BImSchV<\/h6>\n<p><\/div>\r\n              <\/div>\r\n    <\/div>\r\n        <div class=\" col-12\">\r\n      <div class=\"icon-box2 icon-box2-5c926d42cd042 with-icon\">\r\n                <i class=\"material-design-tick-inside-circle\"><\/i>\r\n                <div class=\"desc\"><\/p>\n<h6>Probenahmen und Analytik durch zertifiziertes Labor<\/h6>\n<p><\/div>\r\n              <\/div>\r\n    <\/div>\r\n        <div class=\" col-12\">\r\n      <div class=\"icon-box2 icon-box2-69051c743d95d with-icon\">\r\n                <i class=\"material-design-tick-inside-circle\"><\/i>\r\n                <div class=\"desc\"><\/p>\n<h6>\u00dcberwachung aller Analysen-Befunde und Ma\u00dfnahmen<\/h6>\n<p><\/div>\r\n              <\/div>\r\n    <\/div>\r\n        <\/div>\r\n    <\/div><\/div><\/div><\/div><div data-vc-full-width=\"true\" data-vc-full-width-init=\"false\" class=\"vc_row wpb_row vc_row-fluid vc_custom_1568807455745 vc_row-5c93d47a81360 light-color\">\n    <div class=\"bg-overlay\">\n              <div class=\"image\" data-bg-parallax=\"{&quot;imgSrc&quot;:&quot;https:\\\/\\\/mb-wasseraufbereitung.de\\\/wp-content\\\/uploads\\\/2019\\\/03\\\/bg13.jpg&quot;}\"><\/div>\n              <div class=\"color\"><\/div>\n              <div class=\"gradient\"><\/div>\n              <div class=\"lines on-right\">\n          <div><\/div>\n          <div><\/div>\n          <div><\/div>\n        <\/div>\n          <\/div>\n\n    <div class=\"wpb_column vc_column_container vc_col-sm-12 vc_row-\"><div class=\"vc_column-inner\"><div class=\"wpb_wrapper\">    <div class=\"heading-block heading-5d8270e0f1c37 tac h-h2 with-bottom-line\">\r\n                        <h2 class=\"h\"><span>Unsere Partner und Produkte<\/span><\/h2>\r\n                  <\/div>\r\n    <div class=\"wpb_images_carousel wpb_content_element vc_clearfix vc_custom_1751966100541 wpb_content_element\"><div class=\"wpb_wrapper\"><div id=\"vc_images-carousel-1-1776401896\" data-ride=\"vc_carousel\" data-wrap=\"true\" style=\"width: 100%;\" data-interval=\"0\" data-auto-height=\"yes\" data-mode=\"horizontal\" data-partial=\"true\" data-per-view=\"3\" data-hide-on-end=\"true\" class=\"vc_slide vc_images_carousel\"><div class=\"vc_carousel-inner\"><div class=\"vc_carousel-slideline\"><div class=\"vc_carousel-slideline-inner\"><div class=\"vc_item\"><div class=\"vc_inner\"><a href=\"http:\/\/www.acquaflex.com\/index.php\/de\/\" target=\"_blank\"><img loading=\"lazy\" decoding=\"async\" width=\"582\" height=\"508\" src=\"https:\/\/mb-wasseraufbereitung.de\/wp-content\/uploads\/2019\/11\/acquaflex-logo-web.png\" class=\"attachment-full\" alt=\"\" title=\"acquaflex-logo-web\" srcset=\"https:\/\/mb-wasseraufbereitung.de\/wp-content\/uploads\/2019\/11\/acquaflex-logo-web.png 582w, https:\/\/mb-wasseraufbereitung.de\/wp-content\/uploads\/2019\/11\/acquaflex-logo-web-300x262.png 300w\" sizes=\"auto, (max-width: 582px) 100vw, 582px\" \/><\/a><\/div><\/div><div class=\"vc_item\"><div class=\"vc_inner\"><a href=\"https:\/\/www.cillit-aqua.com\/\" target=\"_blank\"><img loading=\"lazy\" decoding=\"async\" width=\"582\" height=\"508\" src=\"https:\/\/mb-wasseraufbereitung.de\/wp-content\/uploads\/2019\/11\/Cillit-Water-Technology-Logo-web.png\" class=\"attachment-full\" alt=\"\" title=\"Cillit-Water-Technology-Logo-web\" srcset=\"https:\/\/mb-wasseraufbereitung.de\/wp-content\/uploads\/2019\/11\/Cillit-Water-Technology-Logo-web.png 582w, https:\/\/mb-wasseraufbereitung.de\/wp-content\/uploads\/2019\/11\/Cillit-Water-Technology-Logo-web-300x262.png 300w\" sizes=\"auto, (max-width: 582px) 100vw, 582px\" \/><\/a><\/div><\/div><div class=\"vc_item\"><div class=\"vc_inner\"><img loading=\"lazy\" decoding=\"async\" width=\"2560\" height=\"1539\" src=\"https:\/\/mb-wasseraufbereitung.de\/wp-content\/uploads\/2025\/07\/IGIENAIR_Technische-Hygiene-CMJN-tp.png\" class=\"attachment-full\" alt=\"\" title=\"IGIENAIR_Technische-Hygiene-CMJN-tp\" srcset=\"https:\/\/mb-wasseraufbereitung.de\/wp-content\/uploads\/2025\/07\/IGIENAIR_Technische-Hygiene-CMJN-tp.png 2560w, https:\/\/mb-wasseraufbereitung.de\/wp-content\/uploads\/2025\/07\/IGIENAIR_Technische-Hygiene-CMJN-tp-300x180.png 300w, https:\/\/mb-wasseraufbereitung.de\/wp-content\/uploads\/2025\/07\/IGIENAIR_Technische-Hygiene-CMJN-tp-1024x616.png 1024w, https:\/\/mb-wasseraufbereitung.de\/wp-content\/uploads\/2025\/07\/IGIENAIR_Technische-Hygiene-CMJN-tp-1536x923.png 1536w, https:\/\/mb-wasseraufbereitung.de\/wp-content\/uploads\/2025\/07\/IGIENAIR_Technische-Hygiene-CMJN-tp-2048x1231.png 2048w, https:\/\/mb-wasseraufbereitung.de\/wp-content\/uploads\/2025\/07\/IGIENAIR_Technische-Hygiene-CMJN-tp-18x12.png 18w\" sizes=\"auto, (max-width: 2560px) 100vw, 2560px\" \/><\/div><\/div><\/div><\/div><\/div><\/div><\/div><\/div><\/div><\/div><\/div><\/div><div class=\"vc_row-full-width vc_clearfix\"><\/div><div data-vc-full-width=\"true\" data-vc-full-width-init=\"false\" class=\"vc_row wpb_row vc_row-fluid vc_custom_1568807701115 vc_row-5c95d5680805d light-color vc_row-o-equal-height vc_row-o-content-middle vc_row-flex\">\n    <div class=\"bg-overlay\">\n              <div class=\"image\" data-bg-parallax=\"{&quot;imgSrc&quot;:&quot;https:\\\/\\\/mb-wasseraufbereitung.de\\\/wp-content\\\/uploads\\\/2019\\\/03\\\/bg1.jpg&quot;}\"><\/div>\n              <div class=\"color\"><\/div>\n          <\/div>\n\n    <div class=\"wpb_column vc_column_container vc_col-sm-6 vc_row-\"><div class=\"vc_column-inner\"><div class=\"wpb_wrapper\">\n\t<div class=\"wpb_text_column wpb_content_element vc_custom_1568892355765\" >\n\t\t<div class=\"wpb_wrapper\">\n\t\t\t<p style=\"font-size: 24px; line-height: 1.5; font-weight: 200;\">Wir w\u00fcrden uns freuen, auch Sie, als unseren Kunden willkommen zu hei\u00dfen<\/p>\n\n\t\t<\/div>\n\t<\/div>\n<\/div><\/div><\/div><div class=\"wpb_column vc_column_container vc_col-sm-6 vc_row-\"><div class=\"vc_column-inner\"><div class=\"wpb_wrapper\">          <div class=\"button-container button-5c95d8d69a3d1 right\">\r\n        <a class=\"button-style1 with-icon\" href=\"https:\/\/mb-wasseraufbereitung.de\/contacts\/\" target=\"_self\">\r\n          <span>Ihr Kontakt zu uns<\/span>\r\n                      <i class=\"admin-ui-right-arrow\"><\/i>\r\n                  <\/a>\r\n      <\/div>\r\n        <\/div><\/div><\/div><\/div><div class=\"vc_row-full-width vc_clearfix\"><\/div>\n<\/div>","protected":false},"excerpt":{"rendered":"Wasseraufbereitung mit den besten! Ihr Partner f\u00fcr optimale Betreuung in der Wasseraufbereitung kontakt zu uns Wasser- behandlung Ma\u00dfgeschneiderte L\u00f6sungen und Konzepte f\u00fcr die Wasserbehandlung Anlagetechnik Bew\u00e4hrte Anlagentechnik und Service aus dem Hause CILLIT CEE Watertechnology Kunden- betreuung Wir sind schnell, gr\u00fcndlich und pr\u00e4zise in der Ausarbeitung von Behandlungskonzepten, Gef\u00e4hrdungsbeurteilungen und Optimierungs- vorschl\u00e4gen Faire Preise und [...]","protected":false},"author":1,"featured_media":0,"parent":0,"menu_order":0,"comment_status":"closed","ping_status":"closed","template":"template-landing.php","meta":{"_acf_changed":false,"footnotes":""},"class_list":["post-100","page","type-page","status-publish","hentry"],"acf":[],"_links":{"self":[{"href":"https:\/\/mb-wasseraufbereitung.de\/de\/wp-json\/wp\/v2\/pages\/100","targetHints":{"allow":["GET"]}}],"collection":[{"href":"https:\/\/mb-wasseraufbereitung.de\/de\/wp-json\/wp\/v2\/pages"}],"about":[{"href":"https:\/\/mb-wasseraufbereitung.de\/de\/wp-json\/wp\/v2\/types\/page"}],"author":[{"embeddable":true,"href":"https:\/\/mb-wasseraufbereitung.de\/de\/wp-json\/wp\/v2\/users\/1"}],"replies":[{"embeddable":true,"href":"https:\/\/mb-wasseraufbereitung.de\/de\/wp-json\/wp\/v2\/comments?post=100"}],"version-history":[{"count":0,"href":"https:\/\/mb-wasseraufbereitung.de\/de\/wp-json\/wp\/v2\/pages\/100\/revisions"}],"wp:attachment":[{"href":"https:\/\/mb-wasseraufbereitung.de\/de\/wp-json\/wp\/v2\/media?parent=100"}],"curies":[{"name":"wp","href":"https:\/\/api.w.org\/{rel}","templated":true}]}}