{"id":110,"date":"2019-03-16T20:18:11","date_gmt":"2019-03-16T19:18:11","guid":{"rendered":"https:\/\/mb-wasseraufbereitung.de\/?page_id=110"},"modified":"2025-02-04T19:39:38","modified_gmt":"2025-02-04T18:39:38","slug":"about-us","status":"publish","type":"page","link":"https:\/\/mb-wasseraufbereitung.de\/de\/about-us\/","title":{"rendered":"\u00dcber Uns"},"content":{"rendered":"<div class=\"wpb-content-wrapper\"><div data-vc-full-width=\"true\" data-vc-full-width-init=\"false\" data-vc-stretch-content=\"true\" class=\"vc_row wpb_row vc_row-fluid vc_row-5ca250619246e vc_row-no-padding\"><div class=\"wpb_column vc_column_container vc_col-sm-12 vc_row-\"><div class=\"vc_column-inner\"><div class=\"wpb_wrapper\">    <section class=\"banner-area banner-area-5ca2502b8c9f3 top-offset current-white\">\r\n            <div class=\"banner-item white\" style=\"\">\r\n        \n    <div class=\"bg-overlay\">\n              <div class=\"image\" data-bg-parallax=\"{&quot;imgSrc&quot;:&quot;https:\\\/\\\/mb-wasseraufbereitung.de\\\/wp-content\\\/uploads\\\/2019\\\/03\\\/bg2.jpg&quot;}\"><\/div>\n              <div class=\"color\"><\/div>\n              <div class=\"dots\"><\/div>\n          <\/div>\n\n            <div class=\"container\">\r\n          <div class=\"row align-items-center fixed-height\" style=\"height: 395px;\">\r\n            <div class=\"col\">\r\n                              <h1 class=\"h\">\u00dcber <span>Uns<\/span><\/h1>\r\n                                            <div class=\"desc\">Manfred Beisecker - Wasseraufbereitung<\/div>\r\n                          <\/div>\r\n          <\/div>\r\n        <\/div>\r\n      <\/div>\r\n    <\/section>\r\n    <\/div><\/div><\/div><\/div><div class=\"vc_row-full-width vc_clearfix\"><\/div><div class=\"vc_row wpb_row vc_row-fluid vc_custom_1554141656055 vc_row-5ca251c80ccd7 vc_row-o-content-middle vc_row-flex\"><div class=\"wpb_column vc_column_container vc_col-sm-6 vc_col-lg-8 vc_col-md-7 vc_row-\"><div class=\"vc_column-inner\"><div class=\"wpb_wrapper\">    <div class=\"heading-block heading-5ca250d8a7334 tal h-h4\">\r\n                        <h4 class=\"h\">Ihr Partner f\u00fcr <span>optimale<\/span> Betreuung<br \/>\nin der <span>Wasseraufbereitung<\/span><\/h4>\r\n                  <\/div>\r\n    \n\t<div class=\"wpb_text_column wpb_content_element text-t1\" >\n\t\t<div class=\"wpb_wrapper\">\n\t\t\t<p>Wir sind ein Unternehmen mit \u00fcber 30 Jahren Erfahrung in Industrie und Geb\u00e4udetechnik. Seit 15 Jahren sind wir spezialisiert auf die Wasseraufbereitung, chemische Wasserbehandlung, Dosier- und Anlagentechnik und verf\u00fcgen \u00fcber umfangreiche Erfahrungen in der Umsetzung der VDI 2047-2 und 42. BImSchV.<\/p>\n<p>Wir bieten unseren anspruchsvollen Kunden aus Industrie und Facility-Management Dienstleistungen im Bereich <span style=\"color: #00b3d4;\">Wasseraufbereitung<\/span>\u00a0sowie hochwertige Behandlungs-Chemikalien und bew\u00e4hrte Anlagentechnik.<\/p>\n<hr \/>\n<p><span style=\"text-decoration: underline;\">Information: Mitarbeit bei <span style=\"color: #00b3d4; text-decoration: underline;\">MB-Wasseraufbereitung<\/span><\/span><\/p>\n<p>Sehr geehrte Damen und Herren,<\/p>\n<p>ich bedanke mich f\u00fcr Ihr Interesse an einer Mitarbeit in meinem Unternehmen, was Sie mit zahlreichen Bewerbungen gezeigt haben.<\/p>\n<p><strong>Es ist jedoch auf Grund der Firmengr\u00f6\u00dfe nicht beabsichtigt, Mitarbeiterinnen\/Mitarbeiter einzustellen.<\/strong><\/p>\n<p>Ich w\u00fcnschen Ihnen gutes Gelingen bei der weiteren Jobsuche und viel Erfolg f\u00fcr die berufliche Laufbahn.<\/p>\n<p>Manfred Beisecker<\/p>\n\n\t\t<\/div>\n\t<\/div>\n<\/div><\/div><\/div><div class=\"wpb_column vc_column_container vc_col-sm-6 vc_col-lg-4 vc_col-md-5 vc_row-\"><div class=\"vc_column-inner\"><div class=\"wpb_wrapper\">\n\t<div  class=\"wpb_single_image wpb_content_element vc_align_center wpb_content_element\">\n\t\t\n\t\t<figure class=\"wpb_wrapper vc_figure\">\n\t\t\t<div class=\"vc_single_image-wrapper   vc_box_border_grey\"><img loading=\"lazy\" decoding=\"async\" width=\"277\" height=\"300\" src=\"https:\/\/mb-wasseraufbereitung.de\/wp-content\/uploads\/2019\/09\/mbw-waterdrop-277x300.png\" class=\"vc_single_image-img attachment-medium\" alt=\"\" title=\"MBW-waterdrop\" srcset=\"https:\/\/mb-wasseraufbereitung.de\/wp-content\/uploads\/2019\/09\/mbw-waterdrop-277x300.png 277w, https:\/\/mb-wasseraufbereitung.de\/wp-content\/uploads\/2019\/09\/mbw-waterdrop-768x832.png 768w, https:\/\/mb-wasseraufbereitung.de\/wp-content\/uploads\/2019\/09\/mbw-waterdrop-600x650.png 600w, https:\/\/mb-wasseraufbereitung.de\/wp-content\/uploads\/2019\/09\/mbw-waterdrop.png 918w\" sizes=\"auto, (max-width: 277px) 100vw, 277px\" \/><\/div>\n\t\t<\/figure>\n\t<\/div>\n<\/div><\/div><\/div><\/div><div data-vc-full-width=\"true\" data-vc-full-width-init=\"false\" data-vc-stretch-content=\"true\" class=\"vc_row wpb_row vc_row-fluid vc_row-5c9f28e18cd74 vc_row-no-padding\"><div class=\"wpb_column vc_column_container vc_col-sm-12 vc_row-\"><div class=\"vc_column-inner\"><div class=\"wpb_wrapper\">    <div class=\"icon-box7-block row icon-box7-block-5c9f28d52ce91 with-top-offset\">\r\n          <div class=\"icon-box7 icon-box7-5c9f28f501a04 with-icon\">\r\n              <i class=\"admin-ui-group-filled-persons\"><\/i>\r\n              <h5 class=\"h\">Autorisierter Acquaflex-H\u00e4ndler<\/h5>\r\n              <div class=\"desc\">Wir sind autorisierter Acquaflex-H\u00e4ndler f\u00fcr Wasseraufbereitungs-Chemikalien<\/div>\r\n          <\/div>\r\n        <div class=\"icon-box7 icon-box7-5c9f291536df6 with-icon\">\r\n              <i class=\"admin-ui-group-filled-persons\"><\/i>\r\n              <h5 class=\"h\">Cillit Partner<\/h5>\r\n              <div class=\"desc\">Wir sind Partner der CILLIT CEE Watertechnology<\/div>\r\n          <\/div>\r\n        <div class=\"icon-box7 icon-box7-5c9f2921ca5f0 with-icon\">\r\n              <i class=\"admin-ui-group-filled-persons\"><\/i>\r\n              <h5 class=\"h\">IGIENAIR<\/h5>\r\n              <div class=\"desc\">Unser Partner f\u00fcr Reinigungen und Revisionen f\u00fcr Verdunstungsk\u00fchlanlagen.<\/div>\r\n          <\/div>\r\n        <\/div>\r\n    <\/div><\/div><\/div><\/div><div class=\"vc_row-full-width vc_clearfix\"><\/div><div data-vc-full-width=\"true\" data-vc-full-width-init=\"false\" data-vc-stretch-content=\"true\" class=\"vc_row wpb_row vc_row-fluid vc_custom_1571741219910 vc_row-5ca25419551ca light-color vc_column-gap-5 vc_row-no-padding\">\n    <div class=\"bg-overlay\">\n              <div class=\"image\" data-bg-parallax=\"{&quot;imgSrc&quot;:&quot;https:\\\/\\\/mb-wasseraufbereitung.de\\\/wp-content\\\/uploads\\\/2019\\\/03\\\/bg12.jpg&quot;}\"><\/div>\n              <div class=\"color\"><\/div>\n              <div class=\"lines on-right\">\n          <div><\/div>\n          <div><\/div>\n          <div><\/div>\n        <\/div>\n          <\/div>\n\n    <div class=\"wpb_column vc_column_container vc_col-sm-12 vc_row-\"><div class=\"vc_column-inner\"><div class=\"wpb_wrapper\">          <div class=\"button-container button-5daedd41109f0 center\">\r\n        <a class=\"button-style1 with-icon\" href=\"https:\/\/mb-wasseraufbereitung.de\/contacts\/\" target=\"_self\">\r\n          <span>Kontakt<\/span>\r\n                      <i class=\"admin-ui-right-arrow\"><\/i>\r\n                  <\/a>\r\n      <\/div>\r\n        <\/div><\/div><\/div><\/div><div class=\"vc_row-full-width vc_clearfix\"><\/div>\n<\/div>","protected":false},"excerpt":{"rendered":"\u00dcber Uns Manfred Beisecker - Wasseraufbereitung Ihr Partner f\u00fcr optimale Betreuung in der Wasseraufbereitung Wir sind ein Unternehmen mit \u00fcber 30 Jahren Erfahrung in Industrie und Geb\u00e4udetechnik. Seit 15 Jahren sind wir spezialisiert auf die Wasseraufbereitung, chemische Wasserbehandlung, Dosier- und Anlagentechnik und verf\u00fcgen \u00fcber umfangreiche Erfahrungen in der Umsetzung der VDI 2047-2 und 42. BImSchV. [...]","protected":false},"author":1,"featured_media":0,"parent":0,"menu_order":0,"comment_status":"closed","ping_status":"closed","template":"template-landing.php","meta":{"_acf_changed":false,"footnotes":""},"class_list":["post-110","page","type-page","status-publish","hentry"],"acf":[],"_links":{"self":[{"href":"https:\/\/mb-wasseraufbereitung.de\/de\/wp-json\/wp\/v2\/pages\/110","targetHints":{"allow":["GET"]}}],"collection":[{"href":"https:\/\/mb-wasseraufbereitung.de\/de\/wp-json\/wp\/v2\/pages"}],"about":[{"href":"https:\/\/mb-wasseraufbereitung.de\/de\/wp-json\/wp\/v2\/types\/page"}],"author":[{"embeddable":true,"href":"https:\/\/mb-wasseraufbereitung.de\/de\/wp-json\/wp\/v2\/users\/1"}],"replies":[{"embeddable":true,"href":"https:\/\/mb-wasseraufbereitung.de\/de\/wp-json\/wp\/v2\/comments?post=110"}],"version-history":[{"count":0,"href":"https:\/\/mb-wasseraufbereitung.de\/de\/wp-json\/wp\/v2\/pages\/110\/revisions"}],"wp:attachment":[{"href":"https:\/\/mb-wasseraufbereitung.de\/de\/wp-json\/wp\/v2\/media?parent=110"}],"curies":[{"name":"wp","href":"https:\/\/api.w.org\/{rel}","templated":true}]}}