{"id":1108,"date":"2019-09-18T19:40:31","date_gmt":"2019-09-18T17:40:31","guid":{"rendered":"https:\/\/mb-wasseraufbereitung.de\/?page_id=1108"},"modified":"2019-11-27T15:38:06","modified_gmt":"2019-11-27T14:38:06","slug":"impress","status":"publish","type":"page","link":"https:\/\/mb-wasseraufbereitung.de\/de\/impress\/","title":{"rendered":"Impressum"},"content":{"rendered":"<div class=\"wpb-content-wrapper\"><div data-vc-full-width=\"true\" data-vc-full-width-init=\"false\" data-vc-stretch-content=\"true\" class=\"vc_row wpb_row vc_row-fluid vc_row-5d8245c2edd0f vc_row-no-padding\"><div class=\"wpb_column vc_column_container vc_col-sm-12 vc_row-\"><div class=\"vc_column-inner\"><div class=\"wpb_wrapper\">    <section class=\"banner-area banner-area-5d824553b5bc5 top-offset\">\r\n            <div class=\"banner-item\" style=\"\">\r\n        \n    <div class=\"bg-overlay\">\n              <div class=\"image\" data-bg-parallax=\"{&quot;imgSrc&quot;:&quot;https:\\\/\\\/mb-wasseraufbereitung.de\\\/wp-content\\\/uploads\\\/2019\\\/03\\\/img14.jpg&quot;}\"><\/div>\n              <div class=\"gradient\"><\/div>\n              <div class=\"dots\"><\/div>\n          <\/div>\n\n            <div class=\"container\">\r\n          <div class=\"row align-items-center fixed-height\" style=\"height: 355px;\">\r\n            <div class=\"col\">\r\n                              <h1 class=\"h\"><span>Impressum von mb-wasseraufbereitung.de<\/span><\/h1>\r\n                                        <\/div>\r\n          <\/div>\r\n        <\/div>\r\n      <\/div>\r\n    <\/section>\r\n    <\/div><\/div><\/div><\/div><div class=\"vc_row-full-width vc_clearfix\"><\/div><div class=\"vc_row wpb_row vc_row-fluid vc_row-\"><div class=\"wpb_column vc_column_container vc_col-sm-12 vc_row-\"><div class=\"vc_column-inner\"><div class=\"wpb_wrapper\">\n\t<div class=\"wpb_text_column wpb_content_element\" >\n\t\t<div class=\"wpb_wrapper\">\n\t\t\t<div class=\"iub_header\">\n<p><span style=\"color: #00b3d4; font-family: helvetica, arial, sans-serif; font-size: 36px; font-weight: bold;\">Anbieter und Verantwortlicher<\/span><\/p>\n<\/div>\n<div class=\"one_line_col\">\n<p><strong>Seitenbetreiber i.S.d. \u00a7 5 TMG<\/strong><\/p>\n<p>MB-Wasseraufbereitung GmbH<br \/>\nRieslingstra\u00dfe 15, 67599 Gundheim<\/p>\n<p>Vertreten durch:<br \/>\nMB-Wasseraufbereitung GmbH, die ihrerseits vertreten<br \/>\nwird durch den Gesch\u00e4ftsf\u00fchrer Manfred Beisecker<\/p>\n<p>Kontakt<\/p>\n<p>Telefon: +49 (0) 6244-90 99 386<br \/>\nTelefax: +49 (0) 6244-90 99 387<\/p>\n<p>E-Mail:\u00a0<a href=\"mailto:kontakt@mb-wasseraufbereitung.de\">kontakt@mb-wasseraufbereitung.de<\/a><br \/>\nInternet: <a href=\"https:\/\/www.mb-wasseraufbereitung.de\" target=\"_blank\" rel=\"noopener noreferrer\">mb-wasseraufbereitung.de<\/a><\/p>\n<p>Registereintrag<\/p>\n<p>Eintragung im Handelsregister.<br \/>\nRegistergericht: Mainz<br \/>\nRegisternummer: HRB 48964<\/p>\n<p>Umsatzsteuer-ID:<br \/>\nUmsatzsteuer-Identifikationsnummer<br \/>\ngem\u00e4\u00df \u00a7 27 a Umsatzsteuergesetz: DE325140613<\/p>\n<p>Online-Streitbeilegung gem\u00e4\u00df Art. 14 Abs. 1<br \/>\nODR-VO: Die Europ\u00e4ische Kommission stellt eine Plattform zur Online-Streitbeilegung (OS) bereit, die Sie unter<br \/>\n<a href=\"http:\/\/ec.europa.eu\/consumers\/odr\" target=\"_blank\" rel=\"noopener noreferrer\">http:\/\/ec.europa.eu\/consumers\/odr<\/a> finden.<\/p>\n<p>Zur Teilnahme an einem Streitbeilegungsverfahren vor<br \/>\neiner Verbraucherschlichtungsstelle sind wir nicht verpflichtet und nicht bereit.<\/p>\n<p><strong>Verantwortlicher Ansprechpartner:<\/strong><br \/>\nManfred Beisecker<br \/>\nGesch\u00e4ftsinhaber<br \/>\nTelefon: +49 (0) 6244-90 99 386<br \/>\nE-Mail: <a href=\"mailto:beisecker@mb-wasseraufbereitung.de\">beisecker@mb-wasseraufbereitung.de<\/a><\/p>\n<p><strong>Haftungsausschluss:<\/strong><br \/>\nDer Inhalt dieser Internetseiten ist urheberrechtlich gesch\u00fctzt. Es darf eine Kopie der Informationen der Internetseiten auf einem einzigen Computer f\u00fcr den nicht-kommerziellen und pers\u00f6nlichen internen Gebrauch gespeichert werden. Jede vom Urheberrechtsgesetz nicht zugelassene Verwendung der Texte, Bilder, Grafiken und des Logos bedarf der vorherigen schriftlichen Zustimmung von MB-Wasseraufbereitung GmbH. Dies gilt insbesondere f\u00fcr die Vervielf\u00e4ltigung, Bearbeitung, Einspeicherung, Verarbeitung und Wiedergabe von Inhalten in Datenbanken oder anderen elektronischen Medien.<\/p>\n<p>Wir bem\u00fchen uns um sorgf\u00e4ltige Recherche und fehlerfreie Darstellung. Aber auch bei gr\u00f6\u00dfter Sorgfalt k\u00f6nnen Fehler unterlaufen. F\u00fcr die Richtigkeit, Vollst\u00e4ndigkeit und Aktualit\u00e4t der auf diesen Internetseiten bereit gestellten Informationen wird deshalb keine Gew\u00e4hr und keine Haftung \u00fcbernommen.<\/p>\n<p>Auch wenn MB-Wasseraufbereitung GmbH\u00a0alles Erforderliche unternimmt, um Viren von den Inhalten dieser Internetseite fernzuhalten, k\u00f6nnen wir eine Virenfreiheit aber nicht gew\u00e4hrleisten. Wir empfehlen Ihnen deshalb, Daten und Software nach dem Herunterladen mit einer aktuellen Anti-Viren-Software auf eventuellen Virenbefall zu pr\u00fcfen.<\/p>\n<p><strong>Erl\u00e4uterungen zum Datenschutz:<\/strong><br \/>\nSie k\u00f6nnen das Internetangebot dieser Homepage aufrufen, ohne Angaben \u00fcber Ihre Person zu machen. Sollte Sie uns im Rahmen der Zusendung einer E-Mail (z. B. bei einer Anfrage) Ihren Namen, Ihre Anschrift oder sonstige pers\u00f6nliche Daten zur Verf\u00fcgung stellen, so wird mit diesen Daten nach den strengen Regelungen des Bundesdatenschutzgesetzes (BDSG) sorgf\u00e4ltig umgegangen.<\/p>\n<p>Durch die Aufrufe der Internetseite erh\u00e4lt MB-Wasseraufbereitung GmbH\u00a0 Nutzungsdaten, die f\u00fcr Sicherungszwecke gespeichert werden und m\u00f6glicherweise eine Identifizierung zulassen (zum Beispiel IP-Adresse, Datum, Uhrzeit und betrachtete Seiten). Diese Daten werden von MB-Wasseraufbereitung GmbH ausgewertet, um das Nutzerverhalten kennen zu lernen und Statistiken aufzustellen. Dabei werden bei allen Ma\u00dfnahmen die hohen Sicherheitsstandards des Teledienstedatenschutzgesetzes (TDDSG) und der Datenschutzverordnung f\u00fcr Telekommunikationsunternehmen (TDSV) beachtet. Es findet keine personenbezogene Verwertung statt. Die statistische Auswertung anonymisierter Datens\u00e4tze bleibt vorbehalten.<\/p>\n<p><strong>Recht auf Widerruf:<\/strong><br \/>\nSollten Sie uns personenbezogene Daten \u00fcberlassen haben, so k\u00f6nnen Sie diese jederzeit wieder l\u00f6schen lassen. Daten, die f\u00fcr Abrechnungs- bzw. kaufm\u00e4nnische Zwecke zwingend erforderlich sind, sind von einem Widerruf beziehungsweise von einer L\u00f6schung nicht ber\u00fchrt.<\/p>\n<p><strong>Schutz pers\u00f6nlicher Daten und Vertraulichkeit:<\/strong><br \/>\nIhre E-Mails werden mit zus\u00e4tzliche Verschl\u00fcsselungstechniken an MB-Wasseraufbereitung GmbH weitergeleitet. Es kann aber nicht ausgeschlossen werden, dass Informationen oder pers\u00f6nliche Daten, die uns \u00fcbermittelt werden, bei der \u00dcbermittlung von unbefugten Dritten zur Kenntnis genommen werden.<\/p>\n<p><strong>Externe Verweise und Links:<\/strong><br \/>\nWir haben auf unseren Seiten Verkn\u00fcpfungen (\u201eLinks\u201c) zu anderen Seiten im Internet gelegt, deren Inhalt und Aktualisierung nicht dem Einflussbereich von\u00a0 MB-Wasseraufbereitung GmbH unterliegt. F\u00fcr alle diese Links gilt:<\/p>\n<p>MB-Wasseraufbereitung GmbH hat keinen Einfluss auf Gestaltung und Inhalte fremder Internetseiten. MB-Wasseraufbereitung GmbH\u00a0erkl\u00e4rt hiermit, dass zum Zeitpunkt des Einrichten der Links, diese fremden Internetseiten keine illegalen Inhalte enthalten haben. Wir distanzieren uns daher ausdr\u00fccklich von allen inhaltlichen \u00c4nderungen, die nach der Einrichtung des Links vorgenommen wurden und gegen geltendes Recht versto\u00dfen.<\/p>\n<p>Diese Erkl\u00e4rung gilt f\u00fcr alle auf unserer Homepage angezeigten Links und f\u00fcr alle Inhalte der Seiten, zu denen die bei uns angemeldeten Links f\u00fchren.<\/p>\n<p>&nbsp;<\/p>\n<p><strong>Konzeption, Gestaltung und Programmierung:<\/strong><br \/>\nSARO-DESIGN, Fl\u00f6rsheim-Dalsheim<br \/>\nE-Mail:\u00a0<a href=\"mailto:contact@saro-design.eu\">contact@saro-design.eu<\/a><br \/>\nWeb:\u00a0<a href=\"https:\/\/saro-design.eu\/\" target=\"_blank\" rel=\"noopener noreferrer\">saro-design.eu<\/a><\/p>\n<p><strong>Bild- Fotorecht \/ Nachweise:<\/strong><br \/>\nPartner Seiten \/ Banner: Bild- und Logorechte unterliegen den jeweiligen Firmen und werden nur zu Pr\u00e4sentationszwecke (Weiterleitung und\/oder Pr\u00e4sentation) benutzt.<\/p>\n<p>Slider\/Background Bilder: CCL &#8211; <a href=\"https:\/\/www.pexels.com\">Pexels<\/a><\/p>\n<p>Logo: <a href=\"https:\/\/saro-design.eu\/\">SARO-DESIGN<\/a><\/p>\n<\/div>\n\n\t\t<\/div>\n\t<\/div>\n<\/div><\/div><\/div><\/div>\n<\/div>","protected":false},"excerpt":{"rendered":"Impressum von mb-wasseraufbereitung.de Anbieter und Verantwortlicher Seitenbetreiber i.S.d. \u00a7 5 TMG MB-Wasseraufbereitung GmbH Rieslingstra\u00dfe 15, 67599 Gundheim Vertreten durch: MB-Wasseraufbereitung GmbH, die ihrerseits vertreten wird durch den Gesch\u00e4ftsf\u00fchrer Manfred Beisecker Kontakt Telefon: +49 (0) 6244-90 99 386 Telefax: +49 (0) 6244-90 99 387 E-Mail:\u00a0kontakt@mb-wasseraufbereitung.de Internet: mb-wasseraufbereitung.de Registereintrag Eintragung im Handelsregister. Registergericht: Mainz Registernummer: HRB 48964 [...]","protected":false},"author":1,"featured_media":0,"parent":0,"menu_order":0,"comment_status":"closed","ping_status":"closed","template":"template-landing.php","meta":{"_acf_changed":false,"footnotes":""},"class_list":["post-1108","page","type-page","status-publish","hentry"],"acf":[],"_links":{"self":[{"href":"https:\/\/mb-wasseraufbereitung.de\/de\/wp-json\/wp\/v2\/pages\/1108","targetHints":{"allow":["GET"]}}],"collection":[{"href":"https:\/\/mb-wasseraufbereitung.de\/de\/wp-json\/wp\/v2\/pages"}],"about":[{"href":"https:\/\/mb-wasseraufbereitung.de\/de\/wp-json\/wp\/v2\/types\/page"}],"author":[{"embeddable":true,"href":"https:\/\/mb-wasseraufbereitung.de\/de\/wp-json\/wp\/v2\/users\/1"}],"replies":[{"embeddable":true,"href":"https:\/\/mb-wasseraufbereitung.de\/de\/wp-json\/wp\/v2\/comments?post=1108"}],"version-history":[{"count":0,"href":"https:\/\/mb-wasseraufbereitung.de\/de\/wp-json\/wp\/v2\/pages\/1108\/revisions"}],"wp:attachment":[{"href":"https:\/\/mb-wasseraufbereitung.de\/de\/wp-json\/wp\/v2\/media?parent=1108"}],"curies":[{"name":"wp","href":"https:\/\/api.w.org\/{rel}","templated":true}]}}