{"id":1187,"date":"2019-09-19T14:23:15","date_gmt":"2019-09-19T12:23:15","guid":{"rendered":"https:\/\/mb-wasseraufbereitung.de\/?page_id=1187"},"modified":"2019-09-19T14:26:16","modified_gmt":"2019-09-19T12:26:16","slug":"cookie-policy","status":"publish","type":"page","link":"https:\/\/mb-wasseraufbereitung.de\/de\/cookie-policy\/","title":{"rendered":"Cookie-Richtlinie"},"content":{"rendered":"<div class=\"cli_pg_page_contaner\">\n<h3>\u00dcber diese Cookie-Richtlinie<\/h3>\n<div>\n<p>In dieser Cookie-Richtlinie wird erl\u00e4utert, was Cookies sind und wie wir sie verwenden. Sie sollten diese Richtlinie lesen, um zu verstehen, was Cookies sind, wie wir sie verwenden, welche Arten von Cookies wir verwenden, welche Informationen wir mit Cookies sammeln und wie diese Informationen verwendet werden und wie die Cookie-Einstellungen gesteuert werden. Weitere Informationen dar\u00fcber, wie wir Ihre pers\u00f6nlichen Daten verwenden, speichern und sch\u00fctzen, finden Sie in unseren Datenschutzbestimmungen.<\/p>\n<p>Sie k\u00f6nnen Ihre Einwilligung in die Cookie-Erkl\u00e4rung auf unserer Website jederzeit \u00e4ndern oder widerrufen.<\/p>\n<p>Erfahren Sie in unseren Datenschutzbestimmungen, wer wir sind, wie Sie mit uns in Kontakt treten k\u00f6nnen und wie wir personenbezogene Daten verarbeiten.<\/p>\n<p>Ihre Einwilligung gilt f\u00fcr folgende Domains:\u00a0 <a style=\"background-color: #ffffff;\" href=\"https:\/\/mb-wasseraufbereitung.de\">mb-wasseraufbereitung.de<\/a><\/p>\n<div class=\"cli_user_consent_state\">Ihr aktueller Status: Keine Einwilligung erteilt. <a class=\"cli_manage_current_consent\" style=\"cursor:pointer;text-decoration:underline;\">Verwalten Sie Ihre Einwilligung<\/a> <\/div>\n<\/div>\n<h3>Was sind Cookies ?<\/h3>\n<div>\n<p>Cookies sind kleine Textdateien, in denen kleine Informationen gespeichert werden. Die Cookies werden auf Ihrem Ger\u00e4t gespeichert, wenn die Website in Ihren Browser geladen wird. Diese Cookies helfen uns dabei, die Website ordnungsgem\u00e4\u00df zu betreiben, die Website sicherer zu machen, ein besseres Nutzererlebnis zu bieten und zu verstehen, wie die Website funktioniert und zu analysieren, was funktioniert und wo Verbesserungen erforderlich sind.<\/p>\n<\/div>\n<h3>Wie verwenden wir Cookies?<\/h3>\n<div>\n<p>Wie die meisten Online-Dienste verwendet unsere Website Cookies von Erstanbietern und Drittanbietern f\u00fcr eine Reihe von Zwecken. Die Erstanbieter-Cookies sind in der Regel erforderlich, damit die Website ordnungsgem\u00e4\u00df funktioniert, und erfassen keine Ihrer personenbezogenen Daten.<\/p>\n<p>Die Cookies von Drittanbietern, die auf unseren Websites verwendet werden, dienen in erster Linie dazu, die Leistung der Website, die Interaktion mit unserer Website, die Sicherheit unserer Dienste, die Bereitstellung von f\u00fcr Sie relevanten Werbeanzeigen und die Verbesserung Ihrer Leistung zu verstehen Nutzererfahrung und beschleunigen Sie Ihre zuk\u00fcnftigen Interaktionen mit unserer Website.<\/p>\n<\/div>\n<h3>Welche Arten von Cookies verwenden wir?<\/h3>\n<div>\n<p><strong>Wichtig:<\/strong> Einige Cookies sind wichtig, damit Sie die volle Funktionalit\u00e4t unserer Website nutzen k\u00f6nnen. Sie erm\u00f6glichen es uns, Benutzersitzungen zu verwalten und Sicherheitsbedrohungen vorzubeugen. Sie sammeln oder speichern keine pers\u00f6nlichen Daten. Mit diesen Cookies k\u00f6nnen Sie sich beispielsweise in Ihr Konto einloggen, Produkte in Ihren Warenkorb legen und sicher bezahlen.<\/p>\n<p><strong>Statistiken<\/strong>: Diese Cookies speichern Informationen wie die Anzahl der Besucher der Website, die Anzahl der eindeutigen Besucher, die besuchten Seiten der Website, die Quelle des Besuchs usw. Diese Daten helfen uns zu verstehen und zu analysieren, wie gut die Website funktioniert und wo es verbesserungsbed\u00fcrftig ist.<\/p>\n<p><strong>Marketing:<\/strong> Auf unserer Website werden Anzeigen geschaltet. Diese Cookies werden verwendet, um die Werbung, die wir Ihnen zeigen, so zu personalisieren, dass sie f\u00fcr Sie von Bedeutung ist. Diese Cookies helfen uns auch dabei, die Effizienz dieser Werbekampagnen im Auge zu behalten.<\/p>\n<p>Die in diesen Cookies gespeicherten Informationen k\u00f6nnen auch von Drittanbietern verwendet werden, um Ihnen Anzeigen auf anderen Websites im Browser zu schalten.<\/p>\n<p><strong>Funktional:<\/strong> Dies sind die Cookies, die bestimmte nicht wesentliche Funktionen auf unserer Website unterst\u00fctzen. Diese Funktionen umfassen das Einbetten von Inhalten wie Videos oder das Teilen von Inhalten auf der Website auf Social Media-Plattformen.<\/p>\n<p><strong>Einstellungen:<\/strong> Diese Cookies helfen uns dabei, Ihre Einstellungen und Browsereinstellungen wie Spracheinstellungen zu speichern, damit Sie bei zuk\u00fcnftigen Besuchen der Website eine bessere und effizientere Erfahrung machen k\u00f6nnen.<\/p>\n<p>In der folgenden Liste sind die auf unserer Website verwendeten Cookies aufgef\u00fchrt.<\/p><table class=\"cookielawinfo-row-cat-table cookielawinfo-classic\"><thead><tr><th class=\"cookielawinfo-column-1\">Cookie<\/th><th class=\"cookielawinfo-column-4\">Beschreibung<\/th><\/tr><\/thead><tbody><tr class=\"cookielawinfo-row\"><td class=\"cookielawinfo-column-1\">cookielawinfo-checkbox-necessary<\/td><td class=\"cookielawinfo-column-4\"><p>Speichert die Auswahl des Cookie Pop Ups<\/p><\/td><\/tr><tr class=\"cookielawinfo-row\"><td class=\"cookielawinfo-column-1\">PHPSESSID<\/td><td class=\"cookielawinfo-column-4\"><\/td><\/tr><tr class=\"cookielawinfo-row\"><td class=\"cookielawinfo-column-1\">ucp_nx<\/td><td class=\"cookielawinfo-column-4\"><\/td><\/tr><\/tbody><\/table><\/div>\n<h3>Wie kann ich die Cookie-Einstellungen steuern?<\/h3>\n<div>\n<p>Wenn Sie Ihre Einstellungen sp\u00e4ter w\u00e4hrend Ihrer Browsersitzung \u00e4ndern m\u00f6chten, k\u00f6nnen Sie auf Ihrem Bildschirm auf die Registerkarte &#8220;Datenschutz- und Cookie-Richtlinien&#8221; klicken. Daraufhin wird erneut der Zustimmungshinweis angezeigt, mit dem Sie Ihre Einstellungen \u00e4ndern oder Ihre Zustimmung vollst\u00e4ndig widerrufen k\u00f6nnen.<\/p>\n<p>Dar\u00fcber hinaus bieten verschiedene Browser verschiedene Methoden zum Blockieren und L\u00f6schen von Cookies, die von Websites verwendet werden. Sie k\u00f6nnen die Einstellungen Ihres Browsers so \u00e4ndern, dass Cookies blockiert \/ gel\u00f6scht werden. Weitere Informationen zum Verwalten und L\u00f6schen von Cookies finden Sie unter <a style=\"background-color: #ffffff;\" href=\"https:\/\/en.wikipedia.org\/wiki\/HTTP_cookie\" target=\"_blank\" rel=\"nofollow noopener noreferrer\">wikipedia.org<\/a>, <a style=\"background-color: #ffffff;\" href=\"http:\/\/www.allaboutcookies.org\/\" target=\"_blank\" rel=\"nofollow noopener noreferrer\">www.allaboutcookies.org.<\/a><\/p>\n<\/div>\n<\/div>\n","protected":false},"excerpt":{"rendered":"<p>\u00dcber diese Cookie-Richtlinie In dieser Cookie-Richtlinie wird erl\u00e4utert, was Cookies sind und wie wir sie verwenden. Sie sollten diese Richtlinie lesen, um zu verstehen, was Cookies sind, wie wir sie verwenden, welche Arten von Cookies wir verwenden, welche Informationen wir mit Cookies sammeln und wie diese Informationen verwendet werden und wie die Cookie-Einstellungen gesteuert werden. [&hellip;]<\/p>\n","protected":false},"author":1,"featured_media":0,"parent":0,"menu_order":0,"comment_status":"closed","ping_status":"closed","template":"","meta":{"_acf_changed":false,"footnotes":""},"class_list":["post-1187","page","type-page","status-publish","hentry"],"acf":[],"_links":{"self":[{"href":"https:\/\/mb-wasseraufbereitung.de\/de\/wp-json\/wp\/v2\/pages\/1187","targetHints":{"allow":["GET"]}}],"collection":[{"href":"https:\/\/mb-wasseraufbereitung.de\/de\/wp-json\/wp\/v2\/pages"}],"about":[{"href":"https:\/\/mb-wasseraufbereitung.de\/de\/wp-json\/wp\/v2\/types\/page"}],"author":[{"embeddable":true,"href":"https:\/\/mb-wasseraufbereitung.de\/de\/wp-json\/wp\/v2\/users\/1"}],"replies":[{"embeddable":true,"href":"https:\/\/mb-wasseraufbereitung.de\/de\/wp-json\/wp\/v2\/comments?post=1187"}],"version-history":[{"count":0,"href":"https:\/\/mb-wasseraufbereitung.de\/de\/wp-json\/wp\/v2\/pages\/1187\/revisions"}],"wp:attachment":[{"href":"https:\/\/mb-wasseraufbereitung.de\/de\/wp-json\/wp\/v2\/media?parent=1187"}],"curies":[{"name":"wp","href":"https:\/\/api.w.org\/{rel}","templated":true}]}}