{"id":1302,"date":"2019-10-21T17:02:24","date_gmt":"2019-10-21T15:02:24","guid":{"rendered":"https:\/\/mb-wasseraufbereitung.de\/?page_id=1302"},"modified":"2020-03-04T10:13:02","modified_gmt":"2020-03-04T09:13:02","slug":"komplett-betreuung-zur-42-bimschv","status":"publish","type":"page","link":"https:\/\/mb-wasseraufbereitung.de\/de\/komplett-betreuung-zur-42-bimschv\/","title":{"rendered":"Komplett-Betreuung zur 42. BImschV"},"content":{"rendered":"<p><strong><span style=\"color: #00b3d4\">KOMPLETT-BETREUUNG ZUR 42. BImSchV &#8211;<br \/>\n<\/span><\/strong><\/p>\n<p>Hygienischer Betrieb von Verdunstungsk\u00fchlanlagen und Nassabscheider mit der MB Wasseraufbereitung. Die Verordnung ist seit 19.08.2017 in Kraft und regelt die Errichtung und den Betrieb von K\u00fchlt\u00fcrmen, Verdunstungsk\u00fchlanlagen und Nassabscheider.<\/p>\n<p>Die 42. BImSchV bezieht sich mehrfach auf die Einhaltung des allgemein anerkannten Standes der Technik. Die VDI 2047-2 ist eine Richtline und somit Stand der Technik und verbindlicher Bestandteil f\u00fcr die Einhaltung zur Sicherstellung des hygienegerechten Betriebs von Verdunstungsk\u00fchlanlagen.<\/p>\n<p>Im Rahmen unserer Komplett-Betreuung beraten und begleiten wir unsere Kunden bei der Umsetzung dieser Vorschriften. Sie erhalten von uns folgende Leistungen und Tools:<\/p>\n<ul style=\"list-style-type: square\">\n<li>Alle notwendigen Hinweise zu den Anzeige- Informations- und Betreiberpflichten<\/li>\n<li>die erforderliche Risikoanalyse- und Gef\u00e4hrdungsbeurteilung<img loading=\"lazy\" decoding=\"async\" class=\"size-medium wp-image-1405 alignright\" src=\"https:\/\/mb-wasseraufbereitung.de\/wp-content\/uploads\/2019\/11\/Komplettbetreuung-42.-BimschV-300x226.jpg\" alt=\"\" width=\"300\" height=\"226\" srcset=\"https:\/\/mb-wasseraufbereitung.de\/wp-content\/uploads\/2019\/11\/Komplettbetreuung-42.-BimschV-300x226.jpg 300w, https:\/\/mb-wasseraufbereitung.de\/wp-content\/uploads\/2019\/11\/Komplettbetreuung-42.-BimschV-1024x773.jpg 1024w, https:\/\/mb-wasseraufbereitung.de\/wp-content\/uploads\/2019\/11\/Komplettbetreuung-42.-BimschV-768x580.jpg 768w, https:\/\/mb-wasseraufbereitung.de\/wp-content\/uploads\/2019\/11\/Komplettbetreuung-42.-BimschV-600x453.jpg 600w, https:\/\/mb-wasseraufbereitung.de\/wp-content\/uploads\/2019\/11\/Komplettbetreuung-42.-BimschV.jpg 1358w\" sizes=\"auto, (max-width: 300px) 100vw, 300px\" \/><\/li>\n<li>die relevanten Probenahmen, Untersuchungen und Analysenergebnisse<\/li>\n<li>Bestimmung des Referenzwertes f\u00fcr das Nutzwasser<\/li>\n<li>Erf\u00fcllung der Auflagen f\u00fcr die Inbetriebnahme und Wiederinbetriebnahme<\/li>\n<li>Durchf\u00fchrung der Checkliste Anlage 2 als fachkundige Person<\/li>\n<li>Betriebstagebuch zur Verwendung f\u00fcr den Betreiber<\/li>\n<li>bew\u00e4hrte und effiziente Behandlungs-Chemikalien zur Vermeidung von<br \/>\nVerunreinigungen, Korrosion und Verkeimungen<\/li>\n<\/ul>\n","protected":false},"excerpt":{"rendered":"<p>KOMPLETT-BETREUUNG ZUR 42. BImSchV &#8211; Hygienischer Betrieb von Verdunstungsk\u00fchlanlagen und Nassabscheider mit der MB Wasseraufbereitung. Die Verordnung ist seit 19.08.2017 in Kraft und regelt die Errichtung und den Betrieb von K\u00fchlt\u00fcrmen, Verdunstungsk\u00fchlanlagen und Nassabscheider. Die 42. BImSchV bezieht sich mehrfach auf die Einhaltung des allgemein anerkannten Standes der Technik. Die VDI 2047-2 ist eine Richtline [&hellip;]<\/p>\n","protected":false},"author":2,"featured_media":0,"parent":0,"menu_order":0,"comment_status":"closed","ping_status":"closed","template":"template-landing.php","meta":{"_acf_changed":false,"footnotes":""},"class_list":["post-1302","page","type-page","status-publish","hentry"],"acf":[],"_links":{"self":[{"href":"https:\/\/mb-wasseraufbereitung.de\/de\/wp-json\/wp\/v2\/pages\/1302","targetHints":{"allow":["GET"]}}],"collection":[{"href":"https:\/\/mb-wasseraufbereitung.de\/de\/wp-json\/wp\/v2\/pages"}],"about":[{"href":"https:\/\/mb-wasseraufbereitung.de\/de\/wp-json\/wp\/v2\/types\/page"}],"author":[{"embeddable":true,"href":"https:\/\/mb-wasseraufbereitung.de\/de\/wp-json\/wp\/v2\/users\/2"}],"replies":[{"embeddable":true,"href":"https:\/\/mb-wasseraufbereitung.de\/de\/wp-json\/wp\/v2\/comments?post=1302"}],"version-history":[{"count":0,"href":"https:\/\/mb-wasseraufbereitung.de\/de\/wp-json\/wp\/v2\/pages\/1302\/revisions"}],"wp:attachment":[{"href":"https:\/\/mb-wasseraufbereitung.de\/de\/wp-json\/wp\/v2\/media?parent=1302"}],"curies":[{"name":"wp","href":"https:\/\/api.w.org\/{rel}","templated":true}]}}