{"id":1304,"date":"2019-10-21T17:02:51","date_gmt":"2019-10-21T15:02:51","guid":{"rendered":"https:\/\/mb-wasseraufbereitung.de\/?page_id=1304"},"modified":"2019-12-05T09:00:44","modified_gmt":"2019-12-05T08:00:44","slug":"gefaehrdungsbeurteilungen","status":"publish","type":"page","link":"https:\/\/mb-wasseraufbereitung.de\/de\/gefaehrdungsbeurteilungen\/","title":{"rendered":"Gef\u00e4hrdungsbeurteilungen"},"content":{"rendered":"<p><strong><span style=\"color: #00b3d4\">RISIKOANALYSEN \/ GEF\u00c4HRDUNGSBEURTEILUNGEN<\/span><\/strong><\/p>\n<p><span style=\"color: #000000\">Nach Vorgabe der 42. BImschV (\u00a7 3 Abs. 4) hat der Betreiber sicherzustellen, dass vor der Inbetriebnahme oder Wiederinbetriebnahme eine Gef\u00e4hrdungsbeurteilung unter Beteiligung einer fachkundigen Person erstellt wird. <\/span><\/p>\n<p>Mit \u00fcber 150 Gef\u00e4hrdungsbeurteilungen seit 2016, haben wir viele Erfahrungen sammeln k\u00f6nnen, um Hybridk\u00fchler, adiabate K\u00fchler und offene K\u00fchlsysteme ausf\u00fchrlich bewerten zu k\u00f6nnen.<\/p>\n<p><span style=\"color: #000000\">Folgende Schritte und Themen sind gefordert und in unseren GBU\u00b4s enthalten:<\/span><\/p>\n<ul style=\"list-style-type: square\">\n<li>Risikoanalyse<img loading=\"lazy\" decoding=\"async\" class=\"size-medium wp-image-1390 alignright\" src=\"https:\/\/mb-wasseraufbereitung.de\/wp-content\/uploads\/2019\/10\/caldaie-300x205.jpg\" alt=\"\" width=\"300\" height=\"205\" srcset=\"https:\/\/mb-wasseraufbereitung.de\/wp-content\/uploads\/2019\/10\/caldaie-300x205.jpg 300w, https:\/\/mb-wasseraufbereitung.de\/wp-content\/uploads\/2019\/10\/caldaie-768x525.jpg 768w, https:\/\/mb-wasseraufbereitung.de\/wp-content\/uploads\/2019\/10\/caldaie-1024x700.jpg 1024w, https:\/\/mb-wasseraufbereitung.de\/wp-content\/uploads\/2019\/10\/caldaie-600x410.jpg 600w, https:\/\/mb-wasseraufbereitung.de\/wp-content\/uploads\/2019\/10\/caldaie.jpg 1170w\" sizes=\"auto, (max-width: 300px) 100vw, 300px\" \/><\/li>\n<li>identifizieren m\u00f6glicher Gef\u00e4hrdungen<\/li>\n<li>Schadensausma\u00df<\/li>\n<li>Eintrittswahrscheinlichkeiten f\u00fcr Gef\u00e4hrdungen<\/li>\n<li>Risikobewertung<\/li>\n<li>Risiken hinsichtlich ihrer potentiellen Auswirkung auf die hygienische Sicherheit<\/li>\n<\/ul>\n<p>Zus\u00e4tzlich ist unsere Gef\u00e4hrdungsbeurteilung nach folgenden Themen strukturiert:<img loading=\"lazy\" decoding=\"async\" class=\"size-medium wp-image-1540 alignright\" src=\"https:\/\/mb-wasseraufbereitung.de\/wp-content\/uploads\/2019\/11\/GBU.jpg-300x246.png\" alt=\"\" width=\"300\" height=\"246\" srcset=\"https:\/\/mb-wasseraufbereitung.de\/wp-content\/uploads\/2019\/11\/GBU.jpg-300x246.png 300w, https:\/\/mb-wasseraufbereitung.de\/wp-content\/uploads\/2019\/11\/GBU.jpg-768x630.png 768w, https:\/\/mb-wasseraufbereitung.de\/wp-content\/uploads\/2019\/11\/GBU.jpg-600x492.png 600w, https:\/\/mb-wasseraufbereitung.de\/wp-content\/uploads\/2019\/11\/GBU.jpg.png 976w\" sizes=\"auto, (max-width: 300px) 100vw, 300px\" \/><\/p>\n<ul style=\"list-style-type: square\">\n<li>Umwelt<\/li>\n<li>m\u00f6gliche Exposition<\/li>\n<li>K\u00fchlturmdesign<\/li>\n<li>K\u00fchlturmzustand inkl. Bilddokumentation und Einzelkomponenten-Bewertung<\/li>\n<li>Instandhaltung und historische Performance<\/li>\n<li>Anlagenaufnahme zur Dokumentation der verbauten System-Komponenten<\/li>\n<\/ul>\n<p>&nbsp;<\/p>\n<p>&nbsp;<\/p>\n","protected":false},"excerpt":{"rendered":"<p>RISIKOANALYSEN \/ GEF\u00c4HRDUNGSBEURTEILUNGEN Nach Vorgabe der 42. BImschV (\u00a7 3 Abs. 4) hat der Betreiber sicherzustellen, dass vor der Inbetriebnahme oder Wiederinbetriebnahme eine Gef\u00e4hrdungsbeurteilung unter Beteiligung einer fachkundigen Person erstellt wird. Mit \u00fcber 150 Gef\u00e4hrdungsbeurteilungen seit 2016, haben wir viele Erfahrungen sammeln k\u00f6nnen, um Hybridk\u00fchler, adiabate K\u00fchler und offene K\u00fchlsysteme ausf\u00fchrlich bewerten zu k\u00f6nnen. Folgende [&hellip;]<\/p>\n","protected":false},"author":2,"featured_media":0,"parent":0,"menu_order":0,"comment_status":"closed","ping_status":"closed","template":"template-landing.php","meta":{"_acf_changed":false,"footnotes":""},"class_list":["post-1304","page","type-page","status-publish","hentry"],"acf":[],"_links":{"self":[{"href":"https:\/\/mb-wasseraufbereitung.de\/de\/wp-json\/wp\/v2\/pages\/1304","targetHints":{"allow":["GET"]}}],"collection":[{"href":"https:\/\/mb-wasseraufbereitung.de\/de\/wp-json\/wp\/v2\/pages"}],"about":[{"href":"https:\/\/mb-wasseraufbereitung.de\/de\/wp-json\/wp\/v2\/types\/page"}],"author":[{"embeddable":true,"href":"https:\/\/mb-wasseraufbereitung.de\/de\/wp-json\/wp\/v2\/users\/2"}],"replies":[{"embeddable":true,"href":"https:\/\/mb-wasseraufbereitung.de\/de\/wp-json\/wp\/v2\/comments?post=1304"}],"version-history":[{"count":0,"href":"https:\/\/mb-wasseraufbereitung.de\/de\/wp-json\/wp\/v2\/pages\/1304\/revisions"}],"wp:attachment":[{"href":"https:\/\/mb-wasseraufbereitung.de\/de\/wp-json\/wp\/v2\/media?parent=1304"}],"curies":[{"name":"wp","href":"https:\/\/api.w.org\/{rel}","templated":true}]}}