{"id":1308,"date":"2019-10-21T17:03:15","date_gmt":"2019-10-21T15:03:15","guid":{"rendered":"https:\/\/mb-wasseraufbereitung.de\/?page_id=1308"},"modified":"2019-11-26T16:06:40","modified_gmt":"2019-11-26T15:06:40","slug":"probenahmen","status":"publish","type":"page","link":"https:\/\/mb-wasseraufbereitung.de\/de\/probenahmen\/","title":{"rendered":"Probenahmen und Analytik"},"content":{"rendered":"<p><strong><span style=\"color: #00b3d4\"><img loading=\"lazy\" decoding=\"async\" class=\"size-full wp-image-1449 alignright\" src=\"https:\/\/mb-wasseraufbereitung.de\/wp-content\/uploads\/2019\/11\/Labor-1.jpg\" alt=\"\" width=\"170\" height=\"256\" \/>PROBENAHMEN UND ANALYTIK<\/span><br \/>\n<\/strong><\/p>\n<p>Wir f\u00fchren Probenahmen und Analysen im Rahmen unserer Wasserbehandlung zur chem.\/phys. Parameterbestimmung f\u00fcr K\u00fchlwasser und Kesselwasser durch.<\/p>\n<p>Chem.\/phys. Analysen in Verbindung mit mikrobiologischen Untersuchungen f\u00fcr K\u00fchlwasser gem\u00e4\u00df der 42. BImSchV, werden von unseren Partnern (akkreditierte Labore) durchgef\u00fchrt und analysiert. Die Ergebnisse werden anschlie\u00dfend durch uns bewertet.<\/p>\n<p>Abweichungen und Handlungsbedarf werden unverz\u00fcglich mit unseren Kunden besprochen, Ma\u00dfnahmen vorgeschlagen und umgesetzt.<\/p>\n<p>&nbsp;<\/p>\n<p><img loading=\"lazy\" decoding=\"async\" class=\"size-medium wp-image-1450 alignright\" src=\"https:\/\/mb-wasseraufbereitung.de\/wp-content\/uploads\/2019\/11\/Labot-2-300x204.jpg\" alt=\"\" width=\"300\" height=\"204\" srcset=\"https:\/\/mb-wasseraufbereitung.de\/wp-content\/uploads\/2019\/11\/Labot-2-300x204.jpg 300w, https:\/\/mb-wasseraufbereitung.de\/wp-content\/uploads\/2019\/11\/Labot-2.jpg 560w\" sizes=\"auto, (max-width: 300px) 100vw, 300px\" \/><\/p>\n","protected":false},"excerpt":{"rendered":"<p>PROBENAHMEN UND ANALYTIK Wir f\u00fchren Probenahmen und Analysen im Rahmen unserer Wasserbehandlung zur chem.\/phys. Parameterbestimmung f\u00fcr K\u00fchlwasser und Kesselwasser durch. Chem.\/phys. Analysen in Verbindung mit mikrobiologischen Untersuchungen f\u00fcr K\u00fchlwasser gem\u00e4\u00df der 42. BImSchV, werden von unseren Partnern (akkreditierte Labore) durchgef\u00fchrt und analysiert. Die Ergebnisse werden anschlie\u00dfend durch uns bewertet. Abweichungen und Handlungsbedarf werden unverz\u00fcglich mit [&hellip;]<\/p>\n","protected":false},"author":2,"featured_media":0,"parent":0,"menu_order":0,"comment_status":"closed","ping_status":"closed","template":"template-landing.php","meta":{"_acf_changed":false,"footnotes":""},"class_list":["post-1308","page","type-page","status-publish","hentry"],"acf":[],"_links":{"self":[{"href":"https:\/\/mb-wasseraufbereitung.de\/de\/wp-json\/wp\/v2\/pages\/1308","targetHints":{"allow":["GET"]}}],"collection":[{"href":"https:\/\/mb-wasseraufbereitung.de\/de\/wp-json\/wp\/v2\/pages"}],"about":[{"href":"https:\/\/mb-wasseraufbereitung.de\/de\/wp-json\/wp\/v2\/types\/page"}],"author":[{"embeddable":true,"href":"https:\/\/mb-wasseraufbereitung.de\/de\/wp-json\/wp\/v2\/users\/2"}],"replies":[{"embeddable":true,"href":"https:\/\/mb-wasseraufbereitung.de\/de\/wp-json\/wp\/v2\/comments?post=1308"}],"version-history":[{"count":0,"href":"https:\/\/mb-wasseraufbereitung.de\/de\/wp-json\/wp\/v2\/pages\/1308\/revisions"}],"wp:attachment":[{"href":"https:\/\/mb-wasseraufbereitung.de\/de\/wp-json\/wp\/v2\/media?parent=1308"}],"curies":[{"name":"wp","href":"https:\/\/api.w.org\/{rel}","templated":true}]}}