{"id":1312,"date":"2019-10-21T17:03:46","date_gmt":"2019-10-21T15:03:46","guid":{"rendered":"https:\/\/mb-wasseraufbereitung.de\/?page_id=1312"},"modified":"2025-11-01T12:12:26","modified_gmt":"2025-11-01T11:12:26","slug":"verdungstungskuehlanlagen","status":"publish","type":"page","link":"https:\/\/mb-wasseraufbereitung.de\/de\/verdungstungskuehlanlagen\/","title":{"rendered":"Verdungstungsk\u00fchlanlagen"},"content":{"rendered":"<div class=\"wpb-content-wrapper\"><div class=\"vc_row wpb_row vc_row-fluid vc_row-\"><div class=\"wpb_column vc_column_container vc_col-sm-12 vc_row-\"><div class=\"vc_column-inner\"><div class=\"wpb_wrapper\">\n\t<div class=\"wpb_text_column wpb_content_element\" >\n\t\t<div class=\"wpb_wrapper\">\n\t\t\t<div class=\" span6\">\n<div class=\"module title1\">\n<h3 class=\"header\"><span style=\"font-size: 14px; color: #00b3d4;\">VERDUNSTUNGSK\u00dcHLANLAGEN UND NASSABSCHEIDER<br \/>\n<\/span><\/h3>\n<\/div>\n<p>Das Ziel einer K\u00fchlwasser-Aufbereitung ist es, die Leistung und die Lebensdauer der Systeme durch Korrosions-Inhibitoren und Ablagerungs-Inhibitoren zu verl\u00e4ngern sowie mit dem Einsatz moderner effizienter Biozide die Keimbelastung im System im Rahmen der Vorgaben der 42. BImSchV einzuhalten.<\/p>\n<p>Zus\u00e4tzlich m\u00fcssen mit modernen Behandlungsmethoden die Kosten f\u00fcr den Betrieb der Anlagen reduziert werden. Dies erreichen wir durch<\/p>\n<ul style=\"list-style-type: square;\">\n<li>die Optimierung der Wasserparameter<\/li>\n<li>die damit verbundene Reduzierung des Wasserverbrauches<\/li>\n<li>den Einsatz von g\u00fcnstigem Zusatzwasser<img loading=\"lazy\" decoding=\"async\" class=\" wp-image-1390 alignright\" src=\"https:\/\/mb-wasseraufbereitung.de\/wp-content\/uploads\/2019\/10\/caldaie-300x205.jpg\" alt=\"\" width=\"344\" height=\"235\" srcset=\"https:\/\/mb-wasseraufbereitung.de\/wp-content\/uploads\/2019\/10\/caldaie-300x205.jpg 300w, https:\/\/mb-wasseraufbereitung.de\/wp-content\/uploads\/2019\/10\/caldaie-768x525.jpg 768w, https:\/\/mb-wasseraufbereitung.de\/wp-content\/uploads\/2019\/10\/caldaie-1024x700.jpg 1024w, https:\/\/mb-wasseraufbereitung.de\/wp-content\/uploads\/2019\/10\/caldaie-600x410.jpg 600w, https:\/\/mb-wasseraufbereitung.de\/wp-content\/uploads\/2019\/10\/caldaie.jpg 1170w\" sizes=\"auto, (max-width: 344px) 100vw, 344px\" \/><\/li>\n<li>den Einsatz moderner Tracer-Technologie<\/li>\n<li>und fairen Produktpreisen<\/li>\n<\/ul>\n<p>Um die Betreiber von Verdunstungsk\u00fchlanlagen bestm\u00f6glich dabei zu unterst\u00fctzen diese Ziele zu erreichen, hat unser Hersteller <span style=\"color: #00b3d4;\"><span style=\"color: #000000;\">Acquaflex <\/span><strong>Produkte<\/strong><\/span> f\u00fcr folgende Einsatzbereiche entwickelt:<\/p>\n<ul style=\"list-style-type: square;\">\n<li>Korrosions-Inhibitoren f\u00fcr sehr aggressives Wasser (niedrige und hohe Salzgehalte)<\/li>\n<li>Steininhibierung f\u00fcr harte Wasserqualit\u00e4ten<\/li>\n<li>Oxidierende, nicht oxidierende und hybrid Biozide<\/li>\n<li>Behandlungen die ein industrielles Zusatzwasser oder Abwasser erlauben<\/li>\n<li>Passivierung von verzinkten Oberfl\u00e4chen bei neuen Anlagen<\/li>\n<\/ul>\n<p>Als autorisierter Acquaflex-H\u00e4ndler vertreiben wir Produkte und Equipment in Deutschland.<\/p>\n<p>Mit unser Erfahrung und in Zusammenarbeit mit Acquaflex erstellen wir Behandlungskonzepte f\u00fcr den optimalen Einsatz der Produkte und den korrekten Betrieb Ihrer Anlagen.<\/p>\n<p>Wenn Sie Verbesserungen im System oder eine Kostenreduzierung anstreben, senden Sie uns bitte Ihre Anfrage an:<br \/>\nkontakt@mb-wasseraufbereitung.de<\/p>\n<\/div>\n\n\t\t<\/div>\n\t<\/div>\n<div class=\"vc_empty_space\"   style=\"height: 32px\"><span class=\"vc_empty_space_inner\"><\/span><\/div><\/div><\/div><\/div><\/div>\n<\/div>","protected":false},"excerpt":{"rendered":"VERDUNSTUNGSK\u00dcHLANLAGEN UND NASSABSCHEIDER Das Ziel einer K\u00fchlwasser-Aufbereitung ist es, die Leistung und die Lebensdauer der Systeme durch Korrosions-Inhibitoren und Ablagerungs-Inhibitoren zu verl\u00e4ngern sowie mit dem Einsatz moderner effizienter Biozide die Keimbelastung im System im Rahmen der Vorgaben der 42. BImSchV einzuhalten. Zus\u00e4tzlich m\u00fcssen mit modernen Behandlungsmethoden die Kosten f\u00fcr den Betrieb der Anlagen reduziert werden. [...]","protected":false},"author":2,"featured_media":0,"parent":0,"menu_order":0,"comment_status":"closed","ping_status":"closed","template":"template-landing.php","meta":{"_acf_changed":false,"footnotes":""},"class_list":["post-1312","page","type-page","status-publish","hentry"],"acf":[],"_links":{"self":[{"href":"https:\/\/mb-wasseraufbereitung.de\/de\/wp-json\/wp\/v2\/pages\/1312","targetHints":{"allow":["GET"]}}],"collection":[{"href":"https:\/\/mb-wasseraufbereitung.de\/de\/wp-json\/wp\/v2\/pages"}],"about":[{"href":"https:\/\/mb-wasseraufbereitung.de\/de\/wp-json\/wp\/v2\/types\/page"}],"author":[{"embeddable":true,"href":"https:\/\/mb-wasseraufbereitung.de\/de\/wp-json\/wp\/v2\/users\/2"}],"replies":[{"embeddable":true,"href":"https:\/\/mb-wasseraufbereitung.de\/de\/wp-json\/wp\/v2\/comments?post=1312"}],"version-history":[{"count":0,"href":"https:\/\/mb-wasseraufbereitung.de\/de\/wp-json\/wp\/v2\/pages\/1312\/revisions"}],"wp:attachment":[{"href":"https:\/\/mb-wasseraufbereitung.de\/de\/wp-json\/wp\/v2\/media?parent=1312"}],"curies":[{"name":"wp","href":"https:\/\/api.w.org\/{rel}","templated":true}]}}